{"id":21,"date":"2024-01-30T15:03:16","date_gmt":"2024-01-30T14:03:16","guid":{"rendered":"http:\/\/piumacu.cluster029.hosting.ovh.net\/?page_id=21"},"modified":"2024-04-02T14:55:11","modified_gmt":"2024-04-02T12:55:11","slug":"strategie-rh","status":"publish","type":"page","link":"https:\/\/piuma-conseil.fr\/index.php\/strategie-rh\/","title":{"rendered":"Strat\u00e9gie RH"},"content":{"rendered":"\n<div class=\"wp-block-cover alignfull\" style=\"min-height:497px;aspect-ratio:unset;\"><span aria-hidden=\"true\" class=\"wp-block-cover__background has-background-dim\"><\/span><img loading=\"lazy\" decoding=\"async\" width=\"2165\" height=\"2560\" class=\"wp-block-cover__image-background wp-image-341\" alt=\"\" src=\"http:\/\/piumacu.cluster029.hosting.ovh.net\/wp-content\/uploads\/2024\/03\/pexels-shivansh-sharma-20475616-1-scaled.jpg\" data-object-fit=\"cover\" srcset=\"https:\/\/piuma-conseil.fr\/wp-content\/uploads\/2024\/03\/pexels-shivansh-sharma-20475616-1-scaled.jpg 2165w, https:\/\/piuma-conseil.fr\/wp-content\/uploads\/2024\/03\/pexels-shivansh-sharma-20475616-1-254x300.jpg 254w, https:\/\/piuma-conseil.fr\/wp-content\/uploads\/2024\/03\/pexels-shivansh-sharma-20475616-1-866x1024.jpg 866w, https:\/\/piuma-conseil.fr\/wp-content\/uploads\/2024\/03\/pexels-shivansh-sharma-20475616-1-768x908.jpg 768w, https:\/\/piuma-conseil.fr\/wp-content\/uploads\/2024\/03\/pexels-shivansh-sharma-20475616-1-1299x1536.jpg 1299w, https:\/\/piuma-conseil.fr\/wp-content\/uploads\/2024\/03\/pexels-shivansh-sharma-20475616-1-1732x2048.jpg 1732w, https:\/\/piuma-conseil.fr\/wp-content\/uploads\/2024\/03\/pexels-shivansh-sharma-20475616-1-1568x1854.jpg 1568w\" sizes=\"auto, (max-width: 2165px) 100vw, 2165px\" \/><div class=\"wp-block-cover__inner-container is-layout-constrained wp-block-cover-is-layout-constrained\">\n<h1 class=\"wp-block-heading alignwide has-text-align-center\" style=\"font-size:63px;font-style:normal;font-weight:700\">Conseil et strat\u00e9gie RH<\/h1>\n<\/div><\/div>\n\n\n\n<div class=\"wp-block-group alignwide is-vertical is-layout-flex wp-container-core-group-is-layout-8cf370e7 wp-block-group-is-layout-flex\">\n<p class=\"has-white-background-color has-background wp-container-content-9cfa9a5a\" style=\"font-size:20px\">Certaines \u00e9tapes cl\u00e9s de votre entreprise peuvent n\u00e9cessiter un \u00e9clairage sur la politique RH. \u00c9quipes dirigeantes, je propose de vous accompagner dans la r\u00e9flexion de la <strong>strat\u00e9gie RH<\/strong> et les <strong>process associ\u00e9s.&nbsp;<\/strong><\/p>\n\n\n\n<p class=\"has-small-font-size\"><em>Exemples: Audit des process en cours, process d&rsquo;entretiens (annuels, feedback, professionnels), process onboarding et fid\u00e9lisation des \u00e9quipes, plan de d\u00e9veloppement de comp\u00e9tences, r\u00e9flexion sur la culture d&rsquo;entreprise et la culture manag\u00e9riale <\/em><\/p>\n<\/div>\n","protected":false},"excerpt":{"rendered":"<p>Certaines \u00e9tapes cl\u00e9s de votre entreprise peuvent n\u00e9cessiter un \u00e9clairage sur la politique RH. \u00c9quipes dirigeantes, je propose de vous accompagner dans la r\u00e9flexion de la strat\u00e9gie RH et les process associ\u00e9s.&nbsp; Exemples: Audit des process en cours, process d&rsquo;entretiens (annuels, feedback, professionnels), process onboarding et fid\u00e9lisation des \u00e9quipes, plan de d\u00e9veloppement de comp\u00e9tences, r\u00e9flexion&hellip; <a class=\"more-link\" href=\"https:\/\/piuma-conseil.fr\/index.php\/strategie-rh\/\">Poursuivre la lecture <span class=\"screen-reader-text\">Strat\u00e9gie RH<\/span><\/a><\/p>\n","protected":false},"author":1,"featured_media":0,"parent":0,"menu_order":0,"comment_status":"closed","ping_status":"closed","template":"","meta":{"footnotes":""},"class_list":["post-21","page","type-page","status-publish","hentry","entry"],"_links":{"self":[{"href":"https:\/\/piuma-conseil.fr\/index.php\/wp-json\/wp\/v2\/pages\/21","targetHints":{"allow":["GET"]}}],"collection":[{"href":"https:\/\/piuma-conseil.fr\/index.php\/wp-json\/wp\/v2\/pages"}],"about":[{"href":"https:\/\/piuma-conseil.fr\/index.php\/wp-json\/wp\/v2\/types\/page"}],"author":[{"embeddable":true,"href":"https:\/\/piuma-conseil.fr\/index.php\/wp-json\/wp\/v2\/users\/1"}],"replies":[{"embeddable":true,"href":"https:\/\/piuma-conseil.fr\/index.php\/wp-json\/wp\/v2\/comments?post=21"}],"version-history":[{"count":11,"href":"https:\/\/piuma-conseil.fr\/index.php\/wp-json\/wp\/v2\/pages\/21\/revisions"}],"predecessor-version":[{"id":397,"href":"https:\/\/piuma-conseil.fr\/index.php\/wp-json\/wp\/v2\/pages\/21\/revisions\/397"}],"wp:attachment":[{"href":"https:\/\/piuma-conseil.fr\/index.php\/wp-json\/wp\/v2\/media?parent=21"}],"curies":[{"name":"wp","href":"https:\/\/api.w.org\/{rel}","templated":true}]}}