{"id":19,"date":"2024-01-30T15:03:16","date_gmt":"2024-01-30T14:03:16","guid":{"rendered":"http:\/\/piumacu.cluster029.hosting.ovh.net\/?page_id=19"},"modified":"2024-12-19T10:38:18","modified_gmt":"2024-12-19T09:38:18","slug":"coaching-individuel-de-situations-professionnelles","status":"publish","type":"page","link":"https:\/\/piuma-conseil.fr\/index.php\/coaching-individuel-de-situations-professionnelles\/","title":{"rendered":"Coaching professionnel individuel"},"content":{"rendered":"\n<div class=\"wp-block-cover alignfull\" style=\"min-height:528px;aspect-ratio:unset;\"><span aria-hidden=\"true\" class=\"wp-block-cover__background has-background-dim\"><\/span><img loading=\"lazy\" decoding=\"async\" width=\"2448\" height=\"2403\" class=\"wp-block-cover__image-background wp-image-340\" alt=\"\" src=\"http:\/\/piumacu.cluster029.hosting.ovh.net\/wp-content\/uploads\/2024\/03\/pexels-capped-x-10024220-1.jpg\" style=\"object-position:45% 28%\" data-object-fit=\"cover\" data-object-position=\"45% 28%\" srcset=\"https:\/\/piuma-conseil.fr\/wp-content\/uploads\/2024\/03\/pexels-capped-x-10024220-1.jpg 2448w, https:\/\/piuma-conseil.fr\/wp-content\/uploads\/2024\/03\/pexels-capped-x-10024220-1-300x294.jpg 300w, https:\/\/piuma-conseil.fr\/wp-content\/uploads\/2024\/03\/pexels-capped-x-10024220-1-1024x1005.jpg 1024w, https:\/\/piuma-conseil.fr\/wp-content\/uploads\/2024\/03\/pexels-capped-x-10024220-1-768x754.jpg 768w, https:\/\/piuma-conseil.fr\/wp-content\/uploads\/2024\/03\/pexels-capped-x-10024220-1-1536x1508.jpg 1536w, https:\/\/piuma-conseil.fr\/wp-content\/uploads\/2024\/03\/pexels-capped-x-10024220-1-2048x2010.jpg 2048w, https:\/\/piuma-conseil.fr\/wp-content\/uploads\/2024\/03\/pexels-capped-x-10024220-1-1568x1539.jpg 1568w\" sizes=\"auto, (max-width: 2448px) 100vw, 2448px\" \/><div class=\"wp-block-cover__inner-container is-layout-constrained wp-block-cover-is-layout-constrained\">\n<h1 class=\"wp-block-heading alignwide has-text-align-center\" style=\"font-size:63px;font-style:normal;font-weight:700\"><strong>Accompagner l&rsquo;\u00e9mergence de prises de conscience et faciliter la mise en actions<\/strong><\/h1>\n<\/div><\/div>\n\n\n\n<div class=\"wp-block-group alignwide\"><div class=\"wp-block-group__inner-container is-layout-constrained wp-block-group-is-layout-constrained\">\n<div class=\"wp-block-group alignwide is-vertical is-layout-flex wp-container-core-group-is-layout-8cf370e7 wp-block-group-is-layout-flex\">\n<h2 class=\"wp-block-heading has-text-align-center has-gray-color has-text-color has-link-color has-large-font-size wp-elements-b9c1d1f4eea8c3a9fefd1ffd6a5c1f17\">Le coaching professionnel permet d\u2019<strong>accompagner la personne lors de transitions ou d\u2019\u00e9tapes professionnelles cl\u00e9s.<\/strong> Ce type d&rsquo;accompagnement vise le <strong>d\u00e9veloppement des potentiels et des savoir-faire dans le cadre d\u2019objectifs professionnels<\/strong>.<\/h2>\n<\/div>\n<\/div><\/div>\n\n\n\n<p class=\"has-text-align-center wp-container-content-9cfa9a5a\" style=\"font-size:20px\"><strong>Exemple d\u2019objectifs de coachings individuels:<\/strong><\/p>\n\n\n\n<ul class=\"wp-block-list\">\n<li>Franchir un cap professionnel<\/li>\n\n\n\n<li>D\u00e9velopper ses aptitudes au quotidien : \n<ul class=\"wp-block-list\">\n<li>renforcer son leadership<\/li>\n\n\n\n<li>sa posture manag\u00e9riale<\/li>\n\n\n\n<li>am\u00e9liorer ses capacit\u00e9s relationnelles<\/li>\n\n\n\n<li>d\u00e9velopper son assertivit\u00e9<\/li>\n<\/ul>\n<\/li>\n\n\n\n<li>D\u00e9passer une situation difficile : \n<ul class=\"wp-block-list\">\n<li>conflit <\/li>\n\n\n\n<li>prise de d\u00e9cision, aide au discernement<\/li>\n\n\n\n<li>gestion de personnalit\u00e9s difficiles<\/li>\n<\/ul>\n<\/li>\n\n\n\n<li>Accompagner une prise de poste<\/li>\n\n\n\n<li>G\u00e9rer une nouvelle \u00e9quipe<\/li>\n<\/ul>\n\n\n\n<div class=\"wp-block-group alignwide is-vertical is-layout-flex wp-container-core-group-is-layout-8cf370e7 wp-block-group-is-layout-flex\">\n<div class=\"wp-block-group is-vertical is-layout-flex wp-container-core-group-is-layout-8cf370e7 wp-block-group-is-layout-flex\">\n<blockquote class=\"wp-block-quote has-text-align-center has-blue-background-color has-background has-extra-large-font-size is-layout-flow wp-block-quote-is-layout-flow\">\n<p><\/p>\n<cite><strong><em>\u201cJe ne suis capable de contr\u00f4ler que ce dont j\u2019ai conscience. Ce qui \u00e9chappe \u00e0 ma perception me contr\u00f4le. La prise de conscience renforce mon pouvoir\u201d&nbsp;<\/em><\/strong><br><strong><em>John Whitmore<\/em><\/strong><br><\/cite><\/blockquote>\n\n\n\n<p class=\"has-text-align-left wp-container-content-9cfa9a5a\" style=\"font-size:20px\">Cet accompagnement se d\u00e9roule g\u00e9n\u00e9ralement sur <strong>8 s\u00e9ances d\u20191h30<\/strong> mais peut prendre <strong>des formes plus courtes pour traiter une probl\u00e9matique<\/strong>, un point de blocage sur 2 ou 3 s\u00e9ances.<\/p>\n\n\n\n<div class=\"wp-block-group is-vertical is-layout-flex wp-container-core-group-is-layout-8cf370e7 wp-block-group-is-layout-flex\">\n<p class=\"has-text-align-left\">Ce type d\u2019accompagnement s\u2019appuie sur <strong>la force de l\u2019\u00e9coute et du questionnement<\/strong> : \u00e9coute empathique, authentique mais aussi stimulante permettant des <strong>prises de conscience lib\u00e9ratrice d&rsquo;\u00e9nergie et une mise en actions<\/strong> de la personne accompagn\u00e9e.<\/p>\n\n\n\n<p class=\"has-text-align-left\">Le coach joue un <strong>r\u00f4le de facilitateur<\/strong> pour r\u00e9v\u00e9ler la puissance d\u2019agir et r\u00e9aliser les changements souhait\u00e9s par la personne accompagn\u00e9e.&nbsp; Apport d&rsquo;outils de connaissance de soi.<\/p>\n\n\n\n<p>Dans les accompagnements, je m\u2019attache tout particuli\u00e8rement aux liens entre nos comportements, nos croyances et nos \u00e9motions. Se connecter \u00e0 ses ressentis corporels et ses sentiments permet des prises de conscience facilitantes, lib\u00e9ratrices d\u2019\u00e9nergie, toujours en lien avec le contexte professionnel du coach\u00e9. Ce travail permet de d\u00e9velopper certaines dimensions de l\u2019intelligence \u00e9motionnelle que sont la conscience de soi et des autres.<\/p>\n<\/div>\n<\/div>\n<\/div>\n","protected":false},"excerpt":{"rendered":"<p>Le coaching professionnel permet d\u2019accompagner la personne lors de transitions ou d\u2019\u00e9tapes professionnelles cl\u00e9s. Ce type d&rsquo;accompagnement vise le d\u00e9veloppement des potentiels et des savoir-faire dans le cadre d\u2019objectifs professionnels. Exemple d\u2019objectifs de coachings individuels: Cet accompagnement se d\u00e9roule g\u00e9n\u00e9ralement sur 8 s\u00e9ances d\u20191h30 mais peut prendre des formes plus courtes pour traiter une probl\u00e9matique,&hellip; <a class=\"more-link\" href=\"https:\/\/piuma-conseil.fr\/index.php\/coaching-individuel-de-situations-professionnelles\/\">Poursuivre la lecture <span class=\"screen-reader-text\">Coaching professionnel individuel<\/span><\/a><\/p>\n","protected":false},"author":1,"featured_media":0,"parent":0,"menu_order":0,"comment_status":"closed","ping_status":"closed","template":"","meta":{"footnotes":""},"class_list":["post-19","page","type-page","status-publish","hentry","entry"],"_links":{"self":[{"href":"https:\/\/piuma-conseil.fr\/index.php\/wp-json\/wp\/v2\/pages\/19","targetHints":{"allow":["GET"]}}],"collection":[{"href":"https:\/\/piuma-conseil.fr\/index.php\/wp-json\/wp\/v2\/pages"}],"about":[{"href":"https:\/\/piuma-conseil.fr\/index.php\/wp-json\/wp\/v2\/types\/page"}],"author":[{"embeddable":true,"href":"https:\/\/piuma-conseil.fr\/index.php\/wp-json\/wp\/v2\/users\/1"}],"replies":[{"embeddable":true,"href":"https:\/\/piuma-conseil.fr\/index.php\/wp-json\/wp\/v2\/comments?post=19"}],"version-history":[{"count":38,"href":"https:\/\/piuma-conseil.fr\/index.php\/wp-json\/wp\/v2\/pages\/19\/revisions"}],"predecessor-version":[{"id":453,"href":"https:\/\/piuma-conseil.fr\/index.php\/wp-json\/wp\/v2\/pages\/19\/revisions\/453"}],"wp:attachment":[{"href":"https:\/\/piuma-conseil.fr\/index.php\/wp-json\/wp\/v2\/media?parent=19"}],"curies":[{"name":"wp","href":"https:\/\/api.w.org\/{rel}","templated":true}]}}