{"id":12,"date":"2024-01-30T15:03:16","date_gmt":"2024-01-30T14:03:16","guid":{"rendered":"http:\/\/piumacu.cluster029.hosting.ovh.net\/?page_id=12"},"modified":"2024-12-19T10:45:56","modified_gmt":"2024-12-19T09:45:56","slug":"a-propos-de","status":"publish","type":"page","link":"https:\/\/piuma-conseil.fr\/index.php\/a-propos-de\/","title":{"rendered":"A propos"},"content":{"rendered":"\n<div class=\"wp-block-group alignwide is-content-justification-left is-nowrap is-layout-flex wp-container-core-group-is-layout-f56a869c wp-block-group-is-layout-flex\">\n<figure class=\"wp-block-image size-full is-resized is-style-rounded\"><img loading=\"lazy\" decoding=\"async\" width=\"300\" height=\"300\" src=\"http:\/\/piumacu.cluster029.hosting.ovh.net\/wp-content\/uploads\/2024\/01\/image.jpeg\" alt=\"L\u2019attribut alt de cette image est vide, son nom de fichier est 1599640505318-1.jpg.\" class=\"wp-image-96\" style=\"width:773px;height:auto\" srcset=\"https:\/\/piuma-conseil.fr\/wp-content\/uploads\/2024\/01\/image.jpeg 300w, https:\/\/piuma-conseil.fr\/wp-content\/uploads\/2024\/01\/image-150x150.jpeg 150w\" sizes=\"auto, (max-width: 300px) 100vw, 300px\" \/><\/figure>\n\n\n\n<h2 class=\"wp-block-heading has-text-align-left has-white-background-color has-background has-large-font-size\">Je m&rsquo;appelle Lauren Loiseau. J&rsquo;ai fond\u00e9 PIUma Conseil car je crois en la <strong>puissance de l\u2019accompagnement des hommes et des femmes dans les \u00e9tapes cl\u00e9s de leur trajectoire professionnelle<\/strong> pour une plus grande performance et un meilleur alignement. Je suis <strong>convaincue de la force de l\u2019\u00e9coute et de l\u2019accompagnement<\/strong> pour redevenir <strong>acteur dans ses choix professionnels<\/strong>. <\/h2>\n<\/div>\n\n\n\n<div class=\"wp-block-group alignwide is-vertical is-content-justification-center is-layout-flex wp-container-core-group-is-layout-4b2eccd6 wp-block-group-is-layout-flex\">\n<p class=\"has-text-align-center has-gray-color has-white-background-color has-text-color has-background has-link-color wp-elements-4319b46f0cfd37a11cdf2250844ae114\" style=\"font-size:20px\">Exp\u00e9rience de<strong> plus de 20 ans dans les ressources humaines<\/strong>: Responsable Formation, Responsable RH et DRH, dans des secteurs d\u2019activit\u00e9 vari\u00e9s (Industrie du Luxe, Banque &amp; Finance et Num\u00e9rique) \u00e0 Paris et en Bourgogne. J\u2019ai v\u00e9cu et accompagn\u00e9 des contextes d\u2019entreprises en tr\u00e8s fort d\u00e9veloppement et \u00e9galement des contextes de crises (crise financi\u00e8re de 2008 ou crise sanitaire de 2020). J\u2019ai facilit\u00e9 le changement au c\u0153ur des organisations et accompagn\u00e9 des centaines de managers et d\u2019\u00e9quipes.<\/p>\n<\/div>\n\n\n\n<div class=\"wp-block-group alignwide is-content-justification-left is-nowrap is-layout-flex wp-container-core-group-is-layout-f56a869c wp-block-group-is-layout-flex\">\n<p class=\"has-white-background-color has-background\" style=\"font-size:20px\">Je m\u2019appuie sur une <strong>approche humaniste<\/strong>, sur une <strong>posture et sur des outils de coaching professionnel<\/strong> bas\u00e9s sur une <strong>\u00e9coute pleine et enti\u00e8re, empathique, authentique mais aussi stimulante<\/strong> permettant des <strong>prises de conscience et la mise en actions<\/strong>. Enfin je m\u2019appuie \u00e9galement sur une connaissance approfondie des enjeux de l\u2019entreprise et de ses managers.<\/p>\n\n\n\n<ul class=\"wp-block-list\">\n<li style=\"font-size:20px\">Certifi\u00e9e \u00e0 la pratique du bilan de comp\u00e9tences aupr\u00e8s de APC RH &amp; formation<\/li>\n\n\n\n<li style=\"font-size:20px\">Certifi\u00e9e par Central Test \u00e0 la passation des tests de connaissance de soi : PP2, Motivation et Vocation<\/li>\n\n\n\n<li style=\"font-size:20px\">Coach Professionnel certifi\u00e9e aupr\u00e8s de l\u2019IFOD (Ecole des m\u00e9tiers du coaching et de l\u2019accompagnement cr\u00e9\u00e9e il y a plus de 30 ans)<\/li>\n<\/ul>\n<\/div>\n\n\n\n<div class=\"wp-block-buttons is-content-justification-center is-layout-flex wp-container-core-buttons-is-layout-16018d1d wp-block-buttons-is-layout-flex\">\n<div class=\"wp-block-button\"><a class=\"wp-block-button__link wp-element-button\" href=\"https:\/\/www.linkedin.com\/in\/lauren-loiseau-4561514\/\">Profil LinkedIn<\/a><\/div>\n<\/div>\n","protected":false},"excerpt":{"rendered":"<p>Je m&rsquo;appelle Lauren Loiseau. J&rsquo;ai fond\u00e9 PIUma Conseil car je crois en la puissance de l\u2019accompagnement des hommes et des femmes dans les \u00e9tapes cl\u00e9s de leur trajectoire professionnelle pour une plus grande performance et un meilleur alignement. Je suis convaincue de la force de l\u2019\u00e9coute et de l\u2019accompagnement pour redevenir acteur dans ses choix&hellip; <a class=\"more-link\" href=\"https:\/\/piuma-conseil.fr\/index.php\/a-propos-de\/\">Poursuivre la lecture <span class=\"screen-reader-text\">A propos<\/span><\/a><\/p>\n","protected":false},"author":1,"featured_media":0,"parent":0,"menu_order":0,"comment_status":"closed","ping_status":"closed","template":"","meta":{"footnotes":""},"class_list":["post-12","page","type-page","status-publish","hentry","entry"],"_links":{"self":[{"href":"https:\/\/piuma-conseil.fr\/index.php\/wp-json\/wp\/v2\/pages\/12","targetHints":{"allow":["GET"]}}],"collection":[{"href":"https:\/\/piuma-conseil.fr\/index.php\/wp-json\/wp\/v2\/pages"}],"about":[{"href":"https:\/\/piuma-conseil.fr\/index.php\/wp-json\/wp\/v2\/types\/page"}],"author":[{"embeddable":true,"href":"https:\/\/piuma-conseil.fr\/index.php\/wp-json\/wp\/v2\/users\/1"}],"replies":[{"embeddable":true,"href":"https:\/\/piuma-conseil.fr\/index.php\/wp-json\/wp\/v2\/comments?post=12"}],"version-history":[{"count":25,"href":"https:\/\/piuma-conseil.fr\/index.php\/wp-json\/wp\/v2\/pages\/12\/revisions"}],"predecessor-version":[{"id":455,"href":"https:\/\/piuma-conseil.fr\/index.php\/wp-json\/wp\/v2\/pages\/12\/revisions\/455"}],"wp:attachment":[{"href":"https:\/\/piuma-conseil.fr\/index.php\/wp-json\/wp\/v2\/media?parent=12"}],"curies":[{"name":"wp","href":"https:\/\/api.w.org\/{rel}","templated":true}]}}